{"id":11,"date":"2025-12-28T04:33:07","date_gmt":"2025-12-28T04:33:07","guid":{"rendered":"https:\/\/vnseal.com.vn\/?page_id=11"},"modified":"2026-03-03T09:02:30","modified_gmt":"2026-03-03T09:02:30","slug":"gioi-thieu","status":"publish","type":"page","link":"https:\/\/vnseal.com.vn\/index.php\/gioi-thieu\/","title":{"rendered":"Gi\u1edbi Thi\u1ec7u"},"content":{"rendered":"\n<p>VNSEAL l\u00e0 \u0111\u01a1n v\u1ecb cung c\u1ea5p gi\u1ea3i ph\u00e1p ch\u1ed1ng th\u1ea5m theo h\u1ec7, t\u1eadp trung x\u1eed l\u00fd t\u1eeb g\u1ed1c v\u00e0 \u0111\u1ea3m b\u1ea3o \u0111\u1ed9 \u1ed5n \u0111\u1ecbnh l\u00e2u d\u00e0i cho c\u00f4ng tr\u00ecnh.<\/p>\n\n\n\n<p>Ch\u00fang t\u00f4i kh\u00f4ng ti\u1ebfp c\u1eadn ch\u1ed1ng th\u1ea5m theo c\u00e1ch v\u00e1 \u0111i\u1ec3m th\u1ea5m. M\u1ed7i c\u00f4ng tr\u00ecnh \u0111\u1ec1u \u0111\u01b0\u1ee3c ph\u00e2n t\u00edch nguy\u00ean nh\u00e2n, \u0111i\u1ec1u ki\u1ec7n n\u1ec1n v\u00e0 m\u00f4i tr\u01b0\u1eddng s\u1eed d\u1ee5ng tr\u01b0\u1edbc khi l\u1ef1a ch\u1ecdn v\u1eadt li\u1ec7u v\u00e0 quy tr\u00ecnh ph\u00f9 h\u1ee3p.<\/p>\n\n\n\n<p>VNSEAL ho\u1ea1t \u0111\u1ed9ng trong c\u00e1c l\u0129nh v\u1ef1c:<\/p>\n\n\n\n<p>\u2013 Cung c\u1ea5p v\u1eadt li\u1ec7u ch\u1ed1ng th\u1ea5m<br>\u2013 T\u01b0 v\u1ea5n gi\u1ea3i ph\u00e1p k\u1ef9 thu\u1eadt<br>\u2013 Thi c\u00f4ng v\u00e0 gi\u00e1m s\u00e1t ch\u1ed1ng th\u1ea5m d\u00e2n d\u1ee5ng v\u00e0 c\u00f4ng nghi\u1ec7p<\/p>\n\n\n\n<p><\/p>\n","protected":false},"excerpt":{"rendered":"<p>VNSEAL l\u00e0 \u0111\u01a1n v\u1ecb cung c\u1ea5p gi\u1ea3i ph\u00e1p ch\u1ed1ng th\u1ea5m theo h\u1ec7, t\u1eadp trung x\u1eed l\u00fd t\u1eeb g\u1ed1c v\u00e0 \u0111\u1ea3m [&hellip;]<\/p>\n","protected":false},"author":1,"featured_media":0,"parent":0,"menu_order":0,"comment_status":"closed","ping_status":"closed","template":"","meta":{"site-sidebar-layout":"default","site-content-layout":"","ast-site-content-layout":"default","site-content-style":"default","site-sidebar-style":"default","ast-global-header-display":"","ast-banner-title-visibility":"","ast-main-header-display":"","ast-hfb-above-header-display":"","ast-hfb-below-header-display":"","ast-hfb-mobile-header-display":"","site-post-title":"","ast-breadcrumbs-content":"","ast-featured-img":"","footer-sml-layout":"","ast-disable-related-posts":"","theme-transparent-header-meta":"default","adv-header-id-meta":"","stick-header-meta":"","header-above-stick-meta":"","header-main-stick-meta":"","header-below-stick-meta":"","astra-migrate-meta-layouts":"set","ast-page-background-enabled":"default","ast-page-background-meta":{"desktop":{"background-color":"var(--ast-global-color-5)","background-image":"","background-repeat":"repeat","background-position":"center center","background-size":"auto","background-attachment":"scroll","background-type":"","background-media":"","overlay-type":"","overlay-color":"","overlay-opacity":"","overlay-gradient":""},"tablet":{"background-color":"","background-image":"","background-repeat":"repeat","background-position":"center center","background-size":"auto","background-attachment":"scroll","background-type":"","background-media":"","overlay-type":"","overlay-color":"","overlay-opacity":"","overlay-gradient":""},"mobile":{"background-color":"","background-image":"","background-repeat":"repeat","background-position":"center center","background-size":"auto","background-attachment":"scroll","background-type":"","background-media":"","overlay-type":"","overlay-color":"","overlay-opacity":"","overlay-gradient":""}},"ast-content-background-meta":{"desktop":{"background-color":"var(--ast-global-color-4)","background-image":"","background-repeat":"repeat","background-position":"center center","background-size":"auto","background-attachment":"scroll","background-type":"","background-media":"","overlay-type":"","overlay-color":"","overlay-opacity":"","overlay-gradient":""},"tablet":{"background-color":"var(--ast-global-color-4)","background-image":"","background-repeat":"repeat","background-position":"center center","background-size":"auto","background-attachment":"scroll","background-type":"","background-media":"","overlay-type":"","overlay-color":"","overlay-opacity":"","overlay-gradient":""},"mobile":{"background-color":"var(--ast-global-color-4)","background-image":"","background-repeat":"repeat","background-position":"center center","background-size":"auto","background-attachment":"scroll","background-type":"","background-media":"","overlay-type":"","overlay-color":"","overlay-opacity":"","overlay-gradient":""}},"footnotes":""},"class_list":["post-11","page","type-page","status-publish","hentry"],"aioseo_notices":[],"_links":{"self":[{"href":"https:\/\/vnseal.com.vn\/index.php\/wp-json\/wp\/v2\/pages\/11","targetHints":{"allow":["GET"]}}],"collection":[{"href":"https:\/\/vnseal.com.vn\/index.php\/wp-json\/wp\/v2\/pages"}],"about":[{"href":"https:\/\/vnseal.com.vn\/index.php\/wp-json\/wp\/v2\/types\/page"}],"author":[{"embeddable":true,"href":"https:\/\/vnseal.com.vn\/index.php\/wp-json\/wp\/v2\/users\/1"}],"replies":[{"embeddable":true,"href":"https:\/\/vnseal.com.vn\/index.php\/wp-json\/wp\/v2\/comments?post=11"}],"version-history":[{"count":3,"href":"https:\/\/vnseal.com.vn\/index.php\/wp-json\/wp\/v2\/pages\/11\/revisions"}],"predecessor-version":[{"id":163,"href":"https:\/\/vnseal.com.vn\/index.php\/wp-json\/wp\/v2\/pages\/11\/revisions\/163"}],"wp:attachment":[{"href":"https:\/\/vnseal.com.vn\/index.php\/wp-json\/wp\/v2\/media?parent=11"}],"curies":[{"name":"wp","href":"https:\/\/api.w.org\/{rel}","templated":true}]}}