{"id":17,"date":"2025-12-28T04:34:00","date_gmt":"2025-12-28T04:34:00","guid":{"rendered":"https:\/\/vnseal.com.vn\/?page_id=17"},"modified":"2025-12-28T11:04:53","modified_gmt":"2025-12-28T11:04:53","slug":"chinh-sach-dai-ly","status":"publish","type":"page","link":"https:\/\/vnseal.com.vn\/index.php\/chinh-sach-dai-ly\/","title":{"rendered":"Ch\u00ednh S\u00e1ch \u0110\u1ea1i L\u00fd"},"content":{"rendered":"<h3 data-start=\"2939\" data-end=\"2979\"><strong data-start=\"2943\" data-end=\"2979\">CH\u00cdNH S\u00c1CH H\u1ee2P T\u00c1C \u0110\u1ea0I L\u00dd VNSEAL<\/strong><\/h3>\n<p data-start=\"2981\" data-end=\"3084\">VNSEAL x\u00e2y d\u1ef1ng h\u1ec7 th\u1ed1ng ph\u00e2n ph\u1ed1i d\u1ef1a tr\u00ean nguy\u00ean t\u1eafc <strong data-start=\"3036\" data-end=\"3083\">h\u1ee3p t\u00e1c l\u00e2u d\u00e0i \u2013 minh b\u1ea1ch \u2013 \u0111\u00fang k\u1ef9 thu\u1eadt<\/strong>.<\/p>\n<hr data-start=\"3086\" data-end=\"3089\" \/>\n<h4 data-start=\"3091\" data-end=\"3120\"><strong data-start=\"3096\" data-end=\"3120\">1. \u0110\u1ed1i t\u01b0\u1ee3ng ph\u00f9 h\u1ee3p<\/strong><\/h4>\n<ul data-start=\"3121\" data-end=\"3197\">\n<li data-start=\"3121\" data-end=\"3149\">\n<p data-start=\"3123\" data-end=\"3149\">C\u1eeda h\u00e0ng v\u1eadt li\u1ec7u x\u00e2y d\u1ef1ng<\/p>\n<\/li>\n<li data-start=\"3150\" data-end=\"3175\">\n<p data-start=\"3152\" data-end=\"3175\">\u0110\u1ed9i thi c\u00f4ng ch\u1ed1ng th\u1ea5m<\/p>\n<\/li>\n<li data-start=\"3176\" data-end=\"3197\">\n<p data-start=\"3178\" data-end=\"3197\">Nh\u00e0 th\u1ea7u ho\u00e0n thi\u1ec7n<\/p>\n<\/li>\n<\/ul>\n<hr data-start=\"3199\" data-end=\"3202\" \/>\n<h4 data-start=\"3204\" data-end=\"3232\"><strong data-start=\"3209\" data-end=\"3232\">2. Quy\u1ec1n l\u1ee3i \u0111\u1ea1i l\u00fd<\/strong><\/h4>\n<ul data-start=\"3233\" data-end=\"3423\">\n<li data-start=\"3233\" data-end=\"3274\">\n<p data-start=\"3235\" data-end=\"3274\">Ti\u1ebfp c\u1eadn h\u1ec7 s\u1ea3n ph\u1ea9m ch\u1ed1ng th\u1ea5m theo h\u1ec7<\/p>\n<\/li>\n<li data-start=\"3275\" data-end=\"3326\">\n<p data-start=\"3277\" data-end=\"3326\">H\u1ed7 tr\u1ee3 k\u1ef9 thu\u1eadt trong qu\u00e1 tr\u00ecnh t\u01b0 v\u1ea5n \u2013 thi c\u00f4ng<\/p>\n<\/li>\n<li data-start=\"3327\" data-end=\"3374\">\n<p data-start=\"3329\" data-end=\"3374\">Cung c\u1ea5p t\u00e0i li\u1ec7u k\u1ef9 thu\u1eadt, h\u01b0\u1edbng d\u1eabn s\u1eed d\u1ee5ng<\/p>\n<\/li>\n<li data-start=\"3375\" data-end=\"3423\">\n<p data-start=\"3377\" data-end=\"3423\">Ch\u00ednh s\u00e1ch h\u1ee3p t\u00e1c r\u00f5 r\u00e0ng theo t\u1eebng giai \u0111o\u1ea1n<\/p>\n<\/li>\n<\/ul>\n<hr data-start=\"3425\" data-end=\"3428\" \/>\n<h4 data-start=\"3430\" data-end=\"3458\"><strong data-start=\"3435\" data-end=\"3458\">3. H\u1ed7 tr\u1ee3 t\u1eeb VNSEAL<\/strong><\/h4>\n<ul data-start=\"3459\" data-end=\"3575\">\n<li data-start=\"3459\" data-end=\"3498\">\n<p data-start=\"3461\" data-end=\"3498\">T\u01b0 v\u1ea5n gi\u1ea3i ph\u00e1p theo t\u1eebng c\u00f4ng tr\u00ecnh<\/p>\n<\/li>\n<li data-start=\"3499\" data-end=\"3524\">\n<p data-start=\"3501\" data-end=\"3524\">H\u1ed7 tr\u1ee3 \u0111\u00e0o t\u1ea1o s\u1ea3n ph\u1ea9m<\/p>\n<\/li>\n<li data-start=\"3525\" data-end=\"3575\">\n<p data-start=\"3527\" data-end=\"3575\">\u0110\u1ed3ng h\u00e0nh x\u1eed l\u00fd c\u00e1c tr\u01b0\u1eddng h\u1ee3p k\u1ef9 thu\u1eadt ph\u1ee9c t\u1ea1p<\/p>\n<\/li>\n<\/ul>\n<hr data-start=\"3577\" data-end=\"3580\" \/>\n<h4 data-start=\"3582\" data-end=\"3611\"><strong data-start=\"3587\" data-end=\"3611\">4. Quy tr\u00ecnh \u0111\u0103ng k\u00fd<\/strong><\/h4>\n<ul data-start=\"3612\" data-end=\"3702\">\n<li data-start=\"3612\" data-end=\"3637\">\n<p data-start=\"3614\" data-end=\"3637\">\u0110\u1ea1i l\u00fd \u0111\u1ec3 l\u1ea1i th\u00f4ng tin<\/p>\n<\/li>\n<li data-start=\"3638\" data-end=\"3663\">\n<p data-start=\"3640\" data-end=\"3663\">VNSEAL li\u00ean h\u1ec7 trao \u0111\u1ed5i<\/p>\n<\/li>\n<li data-start=\"3664\" data-end=\"3702\">\n<p data-start=\"3666\" data-end=\"3702\">Th\u1ed1ng nh\u1ea5t h\u00ecnh th\u1ee9c h\u1ee3p t\u00e1c ph\u00f9 h\u1ee3p<\/p>\n<\/li>\n<\/ul>\n<p data-start=\"3704\" data-end=\"3773\">\ud83d\udc49 VNSEAL \u01b0u ti\u00ean \u0111\u1ed1i t\u00e1c <strong data-start=\"3730\" data-end=\"3772\">l\u00e0m \u0111\u00fang k\u1ef9 thu\u1eadt \u2013 gi\u1eef uy t\u00edn l\u00e2u d\u00e0i<\/strong>.<style id=\"wpforms-css-vars-35\">\n\t\t\t\t#wpforms-35 {\n\t\t\t\t--wpforms-container-padding: 0px;\n--wpforms-container-border-width: 1px;\n--wpforms-container-border-radius: 3px;\n--wpforms-background-color: rgba(0, 0, 0, 0);\n--wpforms-field-size-input-height: 43px;\n--wpforms-field-size-input-spacing: 15px;\n--wpforms-field-size-font-size: 16px;\n--wpforms-field-size-line-height: 19px;\n--wpforms-field-size-padding-h: 14px;\n--wpforms-field-size-checkbox-size: 16px;\n--wpforms-field-size-sublabel-spacing: 5px;\n--wpforms-field-size-icon-size: 1;\n--wpforms-label-size-font-size: 16px;\n--wpforms-label-size-line-height: 19px;\n--wpforms-label-size-sublabel-font-size: 14px;\n--wpforms-label-size-sublabel-line-height: 17px;\n--wpforms-button-size-font-size: 17px;\n--wpforms-button-size-height: 41px;\n--wpforms-button-size-padding-h: 15px;\n--wpforms-button-size-margin-top: 10px;\n--wpforms-container-shadow-size-box-shadow: none;\n\t\t\t}\n\t\t\t<\/style><div class=\"wpforms-container wpforms-container-full wpforms-render-modern\" id=\"wpforms-35\"><form id=\"wpforms-form-35\" class=\"wpforms-validate wpforms-form wpforms-ajax-form\" data-formid=\"35\" method=\"post\" enctype=\"multipart\/form-data\" action=\"\/index.php\/wp-json\/wp\/v2\/pages\/17\" data-token=\"8dffc5f976d852a693e359d3f01784b6\" data-token-time=\"1776679709\"><noscript class=\"wpforms-error-noscript\">Vui l\u00f2ng b\u1eadt JavaScript trong tr\u00ecnh duy\u1ec7t c\u1ee7a b\u1ea1n \u0111\u1ec3 ho\u00e0n th\u00e0nh Form n\u00e0y.<\/noscript><div id=\"wpforms-error-noscript\" style=\"display: none;\">Vui l\u00f2ng b\u1eadt JavaScript trong tr\u00ecnh duy\u1ec7t c\u1ee7a b\u1ea1n \u0111\u1ec3 ho\u00e0n th\u00e0nh Form n\u00e0y.<\/div><div class=\"wpforms-field-container\"><div id=\"wpforms-35-field_16-container\" class=\"wpforms-field wpforms-field-name\" data-field-id=\"16\"><label class=\"wpforms-field-label\" for=\"wpforms-35-field_16\">H\u1ecd V\u00e0 T\u00ean <span class=\"wpforms-required-label\" aria-hidden=\"true\">*<\/span><\/label><input type=\"text\" id=\"wpforms-35-field_16\" class=\"wpforms-field-medium wpforms-field-required\" name=\"wpforms[fields][16]\" aria-errormessage=\"wpforms-35-field_16-error\" required><\/div><div id=\"wpforms-35-field_17-container\" class=\"wpforms-field wpforms-field-number\" data-field-id=\"17\"><label class=\"wpforms-field-label\" for=\"wpforms-35-field_17\">S\u1ed1 \u0111i\u1ec7n tho\u1ea1i <span class=\"wpforms-required-label\" aria-hidden=\"true\">*<\/span><\/label><input type=\"number\" id=\"wpforms-35-field_17\" class=\"wpforms-field-medium wpforms-field-required\" name=\"wpforms[fields][17]\" step=\"any\" aria-errormessage=\"wpforms-35-field_17-error\" required><\/div><div id=\"wpforms-35-field_19-container\" class=\"wpforms-field wpforms-field-text\" data-field-id=\"19\"><label class=\"wpforms-field-label\" for=\"wpforms-35-field_19\">Khu V\u1ef1c Ho\u1ea1t \u0110\u1ed9ng <span class=\"wpforms-required-label\" aria-hidden=\"true\">*<\/span><\/label><input type=\"text\" id=\"wpforms-35-field_19\" class=\"wpforms-field-medium wpforms-field-required\" name=\"wpforms[fields][19]\" aria-errormessage=\"wpforms-35-field_19-error\" required><\/div><div id=\"wpforms-35-field_11-container\" class=\"wpforms-field wpforms-field-select wpforms-field-select-style-classic\" data-field-id=\"11\"><label class=\"wpforms-field-label\" for=\"wpforms-35-field_11\">Lo\u1ea1i H\u00ecnh Ho\u1ea1t \u0110\u1ed9ng <span class=\"wpforms-required-label\" aria-hidden=\"true\">*<\/span><\/label><select id=\"wpforms-35-field_11\" class=\"wpforms-field-medium wpforms-field-required\" name=\"wpforms[fields][11]\" required=\"required\"><option value=\"\" class=\"placeholder\" disabled  selected='selected'>--- Ch\u1ecdn l\u1ef1a ch\u1ecdn ---<\/option><option value=\"C\u1eeda H\u00e0ng V\u1eadt Li\u1ec7u\"  class=\"choice-1 depth-1\"  >C\u1eeda H\u00e0ng V\u1eadt Li\u1ec7u<\/option><option value=\"\u0110\u1ed9i Thi C\u00f4ng Ch\u1ed1ng Th\u1ea5m\"  class=\"choice-2 depth-1\"  >\u0110\u1ed9i Thi C\u00f4ng Ch\u1ed1ng Th\u1ea5m<\/option><option value=\"Nh\u00e0 Th\u1ea7u Ho\u00e0n Thi\u1ec7n\"  class=\"choice-3 depth-1\"  >Nh\u00e0 Th\u1ea7u Ho\u00e0n Thi\u1ec7n<\/option><option value=\"Kh\u00e1c\"  class=\"choice-4 depth-1\"  >Kh\u00e1c<\/option><\/select><\/div>\t\t<div id=\"wpforms-35-field_1-container\"\n\t\t\tclass=\"wpforms-field wpforms-field-text\"\n\t\t\tdata-field-type=\"text\"\n\t\t\tdata-field-id=\"1\"\n\t\t\t>\n\t\t\t<label class=\"wpforms-field-label\" for=\"wpforms-35-field_1\" >(n\u1ebfu Ho\u1ea1t ch\u00fa<\/label>\n\t\t\t<input type=\"text\" id=\"wpforms-35-field_1\" class=\"wpforms-field-medium\" name=\"wpforms[fields][1]\" >\n\t\t<\/div>\n\t\t<div id=\"wpforms-35-field_18-container\" class=\"wpforms-field wpforms-field-email\" data-field-id=\"18\"><label class=\"wpforms-field-label\" for=\"wpforms-35-field_18\">Email (n\u1ebfu c\u00f3)<\/label><input type=\"email\" id=\"wpforms-35-field_18\" class=\"wpforms-field-medium\" name=\"wpforms[fields][18]\" spellcheck=\"false\" aria-errormessage=\"wpforms-35-field_18-error\" ><\/div><div id=\"wpforms-35-field_15-container\" class=\"wpforms-field wpforms-field-textarea\" data-field-id=\"15\"><label class=\"wpforms-field-label\" for=\"wpforms-35-field_15\">Ghi ch\u00fa th\u00eam (n\u1ebfu c\u00f3)<\/label><textarea id=\"wpforms-35-field_15\" class=\"wpforms-field-medium\" name=\"wpforms[fields][15]\" aria-errormessage=\"wpforms-35-field_15-error\" ><\/textarea><\/div><script>\n\t\t\t\t( function() {\n\t\t\t\t\tconst style = document.createElement( 'style' );\n\t\t\t\t\tstyle.appendChild( document.createTextNode( '#wpforms-35-field_1-container { position: absolute !important; overflow: hidden !important; display: inline !important; height: 1px !important; width: 1px !important; z-index: -1000 !important; padding: 0 !important; } #wpforms-35-field_1-container input { visibility: hidden; } #wpforms-conversational-form-page #wpforms-35-field_1-container label { counter-increment: none; }' ) );\n\t\t\t\t\tdocument.head.appendChild( style );\n\t\t\t\t\tdocument.currentScript?.remove();\n\t\t\t\t} )();\n\t\t\t<\/script><\/div><!-- .wpforms-field-container --><div class=\"wpforms-submit-container\" ><input type=\"hidden\" name=\"wpforms[id]\" value=\"35\"><input type=\"hidden\" name=\"page_title\" value=\"\"><input type=\"hidden\" name=\"page_url\" value=\"https:\/\/vnseal.com.vn\/index.php\/wp-json\/wp\/v2\/pages\/17\"><input type=\"hidden\" name=\"url_referer\" value=\"\"><button type=\"submit\" name=\"wpforms[submit]\" id=\"wpforms-submit-35\" class=\"wpforms-submit\" data-alt-text=\"\u0110ang g\u1eedi...\" data-submit-text=\"G\u1eedi\" aria-live=\"assertive\" value=\"wpforms-submit\">G\u1eedi<\/button><img loading=\"lazy\" decoding=\"async\" src=\"https:\/\/vnseal.com.vn\/wp-content\/plugins\/wpforms-lite\/assets\/images\/submit-spin.svg\" class=\"wpforms-submit-spinner\" style=\"display: none;\" width=\"26\" height=\"26\" alt=\"\u0110ang t\u1ea3i\"><\/div><\/form><\/div>  <!-- .wpforms-container --><\/p>\n","protected":false},"excerpt":{"rendered":"<p>CH\u00cdNH S\u00c1CH H\u1ee2P T\u00c1C \u0110\u1ea0I L\u00dd VNSEAL VNSEAL x\u00e2y d\u1ef1ng h\u1ec7 th\u1ed1ng ph\u00e2n ph\u1ed1i d\u1ef1a tr\u00ean nguy\u00ean t\u1eafc h\u1ee3p t\u00e1c [&hellip;]<\/p>\n","protected":false},"author":1,"featured_media":0,"parent":0,"menu_order":0,"comment_status":"closed","ping_status":"closed","template":"","meta":{"site-sidebar-layout":"default","site-content-layout":"","ast-site-content-layout":"default","site-content-style":"default","site-sidebar-style":"default","ast-global-header-display":"","ast-banner-title-visibility":"","ast-main-header-display":"","ast-hfb-above-header-display":"","ast-hfb-below-header-display":"","ast-hfb-mobile-header-display":"","site-post-title":"","ast-breadcrumbs-content":"","ast-featured-img":"","footer-sml-layout":"","ast-disable-related-posts":"","theme-transparent-header-meta":"default","adv-header-id-meta":"","stick-header-meta":"","header-above-stick-meta":"","header-main-stick-meta":"","header-below-stick-meta":"","astra-migrate-meta-layouts":"set","ast-page-background-enabled":"default","ast-page-background-meta":{"desktop":{"background-color":"var(--ast-global-color-5)","background-image":"","background-repeat":"repeat","background-position":"center center","background-size":"auto","background-attachment":"scroll","background-type":"","background-media":"","overlay-type":"","overlay-color":"","overlay-opacity":"","overlay-gradient":""},"tablet":{"background-color":"","background-image":"","background-repeat":"repeat","background-position":"center center","background-size":"auto","background-attachment":"scroll","background-type":"","background-media":"","overlay-type":"","overlay-color":"","overlay-opacity":"","overlay-gradient":""},"mobile":{"background-color":"","background-image":"","background-repeat":"repeat","background-position":"center center","background-size":"auto","background-attachment":"scroll","background-type":"","background-media":"","overlay-type":"","overlay-color":"","overlay-opacity":"","overlay-gradient":""}},"ast-content-background-meta":{"desktop":{"background-color":"var(--ast-global-color-4)","background-image":"","background-repeat":"repeat","background-position":"center center","background-size":"auto","background-attachment":"scroll","background-type":"","background-media":"","overlay-type":"","overlay-color":"","overlay-opacity":"","overlay-gradient":""},"tablet":{"background-color":"var(--ast-global-color-4)","background-image":"","background-repeat":"repeat","background-position":"center center","background-size":"auto","background-attachment":"scroll","background-type":"","background-media":"","overlay-type":"","overlay-color":"","overlay-opacity":"","overlay-gradient":""},"mobile":{"background-color":"var(--ast-global-color-4)","background-image":"","background-repeat":"repeat","background-position":"center center","background-size":"auto","background-attachment":"scroll","background-type":"","background-media":"","overlay-type":"","overlay-color":"","overlay-opacity":"","overlay-gradient":""}},"footnotes":""},"class_list":["post-17","page","type-page","status-publish","hentry"],"aioseo_notices":[],"_links":{"self":[{"href":"https:\/\/vnseal.com.vn\/index.php\/wp-json\/wp\/v2\/pages\/17","targetHints":{"allow":["GET"]}}],"collection":[{"href":"https:\/\/vnseal.com.vn\/index.php\/wp-json\/wp\/v2\/pages"}],"about":[{"href":"https:\/\/vnseal.com.vn\/index.php\/wp-json\/wp\/v2\/types\/page"}],"author":[{"embeddable":true,"href":"https:\/\/vnseal.com.vn\/index.php\/wp-json\/wp\/v2\/users\/1"}],"replies":[{"embeddable":true,"href":"https:\/\/vnseal.com.vn\/index.php\/wp-json\/wp\/v2\/comments?post=17"}],"version-history":[{"count":10,"href":"https:\/\/vnseal.com.vn\/index.php\/wp-json\/wp\/v2\/pages\/17\/revisions"}],"predecessor-version":[{"id":48,"href":"https:\/\/vnseal.com.vn\/index.php\/wp-json\/wp\/v2\/pages\/17\/revisions\/48"}],"wp:attachment":[{"href":"https:\/\/vnseal.com.vn\/index.php\/wp-json\/wp\/v2\/media?parent=17"}],"curies":[{"name":"wp","href":"https:\/\/api.w.org\/{rel}","templated":true}]}}