{"id":21,"date":"2025-12-28T04:34:39","date_gmt":"2025-12-28T04:34:39","guid":{"rendered":"https:\/\/vnseal.com.vn\/?page_id=21"},"modified":"2026-03-03T08:58:54","modified_gmt":"2026-03-03T08:58:54","slug":"thong-tin-lien-he","status":"publish","type":"page","link":"https:\/\/vnseal.com.vn\/index.php\/thong-tin-lien-he\/","title":{"rendered":"Th\u00f4ng Tin Li\u00ean H\u1ec7"},"content":{"rendered":"\n<div class=\"wp-block-group is-layout-constrained wp-block-group-is-layout-constrained\">\n<p>C\u00d4NG TY TNHH S\u1ea3n Xu\u1ea5t, Th\u01b0\u01a1ng M\u1ea1i v\u00e0 D\u1ecbch V\u1ee5 Ch\u1ed1ng Th\u1ea5m VNSEAL<br>Hotline: 089.8686.389<br>Email: info@vnseal.com.vn<br>Mst: 0111290248<\/p>\n\n\n\n<p><strong>Ch\u00fang t\u00f4i s\u1ebd ph\u1ea3n h\u1ed3i trong v\u00f2ng <strong>24 gi\u1edd l\u00e0m vi\u1ec7c<\/strong>.<br>Tr\u01b0\u1eddng h\u1ee3p c\u1ea7n x\u1eed l\u00fd g\u1ea5p, vui l\u00f2ng li\u00ean h\u1ec7 <strong>Hotline 089 8686 389<\/strong>.<\/strong><\/p>\n\n\n<style id=\"wpforms-css-vars-68-block-1a165de5-7b43-49a5-86f8-3ce3cab53680\">\n\t\t\t\t#wpforms-68.wpforms-block-1a165de5-7b43-49a5-86f8-3ce3cab53680 {\n\t\t\t\t--wpforms-field-size-input-height: 43px;\n--wpforms-field-size-input-spacing: 15px;\n--wpforms-field-size-font-size: 16px;\n--wpforms-field-size-line-height: 19px;\n--wpforms-field-size-padding-h: 14px;\n--wpforms-field-size-checkbox-size: 16px;\n--wpforms-field-size-sublabel-spacing: 5px;\n--wpforms-field-size-icon-size: 1;\n--wpforms-label-size-font-size: 16px;\n--wpforms-label-size-line-height: 19px;\n--wpforms-label-size-sublabel-font-size: 14px;\n--wpforms-label-size-sublabel-line-height: 17px;\n--wpforms-button-size-font-size: 17px;\n--wpforms-button-size-height: 41px;\n--wpforms-button-size-padding-h: 15px;\n--wpforms-button-size-margin-top: 10px;\n\t\t\t}\n\t\t\t<\/style><div class=\"wpforms-container wpforms-container-full wpforms-block wpforms-block-1a165de5-7b43-49a5-86f8-3ce3cab53680 wpforms-render-modern\" id=\"wpforms-68\"><form id=\"wpforms-form-68\" class=\"wpforms-validate wpforms-form wpforms-ajax-form\" data-formid=\"68\" method=\"post\" enctype=\"multipart\/form-data\" action=\"\/index.php\/wp-json\/wp\/v2\/pages\/21\" data-token=\"2af4e7735bfec4b658bd9498ce0121b0\" data-token-time=\"1776679406\"><noscript class=\"wpforms-error-noscript\">Vui l\u00f2ng b\u1eadt JavaScript trong tr\u00ecnh duy\u1ec7t c\u1ee7a b\u1ea1n \u0111\u1ec3 ho\u00e0n th\u00e0nh Form n\u00e0y.<\/noscript><div id=\"wpforms-error-noscript\" style=\"display: none;\">Vui l\u00f2ng b\u1eadt JavaScript trong tr\u00ecnh duy\u1ec7t c\u1ee7a b\u1ea1n \u0111\u1ec3 ho\u00e0n th\u00e0nh Form n\u00e0y.<\/div><div class=\"wpforms-field-container\"><div id=\"wpforms-68-field_1-container\" class=\"wpforms-field wpforms-field-name\" data-field-id=\"1\"><label class=\"wpforms-field-label\" for=\"wpforms-68-field_1\">H\u1ecd v\u00e0 T\u00ean <span class=\"wpforms-required-label\" aria-hidden=\"true\">*<\/span><\/label><input type=\"text\" id=\"wpforms-68-field_1\" class=\"wpforms-field-medium wpforms-field-required\" name=\"wpforms[fields][1]\" aria-errormessage=\"wpforms-68-field_1-error\" required><\/div><div id=\"wpforms-68-field_2-container\" class=\"wpforms-field wpforms-field-number\" data-field-id=\"2\"><label class=\"wpforms-field-label\" for=\"wpforms-68-field_2\">S\u1ed1 \u0111i\u1ec7n tho\u1ea1i <span class=\"wpforms-required-label\" aria-hidden=\"true\">*<\/span><\/label><input type=\"number\" id=\"wpforms-68-field_2\" class=\"wpforms-field-medium wpforms-field-required\" name=\"wpforms[fields][2]\" step=\"any\" aria-errormessage=\"wpforms-68-field_2-error\" required><\/div>\t\t<div id=\"wpforms-68-field_6-container\"\n\t\t\tclass=\"wpforms-field wpforms-field-text\"\n\t\t\tdata-field-type=\"text\"\n\t\t\tdata-field-id=\"6\"\n\t\t\t>\n\t\t\t<label class=\"wpforms-field-label\" for=\"wpforms-68-field_6\" >\u0111i\u1ec7n Lo\u1ea1i (n\u1ebfu<\/label>\n\t\t\t<input type=\"text\" id=\"wpforms-68-field_6\" class=\"wpforms-field-medium\" name=\"wpforms[fields][6]\" >\n\t\t<\/div>\n\t\t<div id=\"wpforms-68-field_3-container\" class=\"wpforms-field wpforms-field-email\" data-field-id=\"3\"><label class=\"wpforms-field-label\" for=\"wpforms-68-field_3\">Email<\/label><input type=\"email\" id=\"wpforms-68-field_3\" class=\"wpforms-field-medium\" name=\"wpforms[fields][3]\" spellcheck=\"false\" aria-errormessage=\"wpforms-68-field_3-error\" ><\/div><div id=\"wpforms-68-field_4-container\" class=\"wpforms-field wpforms-field-select wpforms-field-select-style-classic\" data-field-id=\"4\"><label class=\"wpforms-field-label\" for=\"wpforms-68-field_4\">Lo\u1ea1i c\u00f4ng tr\u00ecnh<\/label><select id=\"wpforms-68-field_4\" class=\"wpforms-field-medium\" name=\"wpforms[fields][4]\"><option value=\"Nh\u00e0 \u1edf d\u00e2n d\u1ee5ng\"  class=\"choice-1 depth-1\"  >Nh\u00e0 \u1edf d\u00e2n d\u1ee5ng<\/option><option value=\"Nh\u00e0 ph\u1ed1 - Bi\u1ec7t th\u1ef1\"  class=\"choice-2 depth-1\"  >Nh\u00e0 ph\u1ed1 &#8211; Bi\u1ec7t th\u1ef1<\/option><option value=\"C\u00f4ng tr\u00ecnh c\u00f4ng nghi\u1ec7p\"  class=\"choice-3 depth-1\"  >C\u00f4ng tr\u00ecnh c\u00f4ng nghi\u1ec7p<\/option><option value=\"D\u1ef1 \u00e1n kh\u00e1c\"  class=\"choice-4 depth-1\"  >D\u1ef1 \u00e1n kh\u00e1c<\/option><\/select><\/div><div id=\"wpforms-68-field_5-container\" class=\"wpforms-field wpforms-field-checkbox\" data-field-id=\"5\"><fieldset><legend class=\"wpforms-field-label\">V\u1ecb tr\u00ed c\u1ea7n ch\u1ed1ng th\u1ea5m<\/legend><ul id=\"wpforms-68-field_5\" data-choice-limit=\"3\"><li class=\"choice-1 depth-1\"><input type=\"checkbox\" id=\"wpforms-68-field_5_1\" data-rule-check-limit=\"true\" name=\"wpforms[fields][5][]\" value=\"S\u00e0n m\u00e1i - s\u00e2n th\u01b0\u1ee3ng\" aria-errormessage=\"wpforms-68-field_5_1-error\"  ><label class=\"wpforms-field-label-inline\" for=\"wpforms-68-field_5_1\">S\u00e0n m\u00e1i &#8211; s\u00e2n th\u01b0\u1ee3ng<\/label><\/li><li class=\"choice-2 depth-1\"><input type=\"checkbox\" id=\"wpforms-68-field_5_2\" data-rule-check-limit=\"true\" name=\"wpforms[fields][5][]\" value=\"Nh\u00e0 v\u1ec7 sinh - ban c\u00f4ng\" aria-errormessage=\"wpforms-68-field_5_2-error\"  ><label class=\"wpforms-field-label-inline\" for=\"wpforms-68-field_5_2\">Nh\u00e0 v\u1ec7 sinh &#8211; ban c\u00f4ng<\/label><\/li><li class=\"choice-3 depth-1\"><input type=\"checkbox\" id=\"wpforms-68-field_5_3\" data-rule-check-limit=\"true\" name=\"wpforms[fields][5][]\" value=\"T\u1ea7ng h\u1ea7m - m\u00f3ng\" aria-errormessage=\"wpforms-68-field_5_3-error\"  ><label class=\"wpforms-field-label-inline\" for=\"wpforms-68-field_5_3\">T\u1ea7ng h\u1ea7m &#8211; m\u00f3ng<\/label><\/li><\/ul><\/fieldset><\/div><div id=\"wpforms-68-field_7-container\" class=\"wpforms-field wpforms-field-textarea\" data-field-id=\"7\"><label class=\"wpforms-field-label\" for=\"wpforms-68-field_7\">M\u00f4 t\u1ea3 s\u01a1 b\u1ed9 t\u00ecnh tr\u1ea1ng c\u00f4ng tr\u00ecnh (n\u1ebfu c\u00f3)<\/label><textarea id=\"wpforms-68-field_7\" class=\"wpforms-field-medium\" name=\"wpforms[fields][7]\" aria-errormessage=\"wpforms-68-field_7-error\" ><\/textarea><\/div><script>\n\t\t\t\t( function() {\n\t\t\t\t\tconst style = document.createElement( 'style' );\n\t\t\t\t\tstyle.appendChild( document.createTextNode( '#wpforms-68-field_6-container { position: absolute !important; overflow: hidden !important; display: inline !important; height: 1px !important; width: 1px !important; z-index: -1000 !important; padding: 0 !important; } #wpforms-68-field_6-container input { visibility: hidden; } #wpforms-conversational-form-page #wpforms-68-field_6-container label { counter-increment: none; }' ) );\n\t\t\t\t\tdocument.head.appendChild( style );\n\t\t\t\t\tdocument.currentScript?.remove();\n\t\t\t\t} )();\n\t\t\t<\/script><\/div><!-- .wpforms-field-container --><div class=\"wpforms-submit-container\" ><input type=\"hidden\" name=\"wpforms[id]\" value=\"68\"><input type=\"hidden\" name=\"page_title\" value=\"\"><input type=\"hidden\" name=\"page_url\" value=\"https:\/\/vnseal.com.vn\/index.php\/wp-json\/wp\/v2\/pages\/21\"><input type=\"hidden\" name=\"url_referer\" value=\"\"><button type=\"submit\" name=\"wpforms[submit]\" id=\"wpforms-submit-68\" class=\"wpforms-submit\" data-alt-text=\"\u0110ang g\u1eedi y\u00eau c\u1ea7u...\" data-submit-text=\"G\u1eedi y\u00eau c\u1ea7u t\u01b0 v\u1ea5n k\u1ef9 thu\u1eadt\" aria-live=\"assertive\" value=\"wpforms-submit\">G\u1eedi y\u00eau c\u1ea7u t\u01b0 v\u1ea5n k\u1ef9 thu\u1eadt<\/button><img loading=\"lazy\" decoding=\"async\" src=\"https:\/\/vnseal.com.vn\/wp-content\/plugins\/wpforms-lite\/assets\/images\/submit-spin.svg\" class=\"wpforms-submit-spinner\" style=\"display: none;\" width=\"26\" height=\"26\" alt=\"\u0110ang t\u1ea3i\"><\/div><\/form><\/div>  <!-- .wpforms-container --><\/div>\n","protected":false},"excerpt":{"rendered":"<p>C\u00d4NG TY TNHH S\u1ea3n Xu\u1ea5t, Th\u01b0\u01a1ng M\u1ea1i v\u00e0 D\u1ecbch V\u1ee5 Ch\u1ed1ng Th\u1ea5m VNSEALHotline: 089.8686.389Email: info@vnseal.com.vnMst: 0111290248 Ch\u00fang t\u00f4i s\u1ebd ph\u1ea3n [&hellip;]<\/p>\n","protected":false},"author":1,"featured_media":0,"parent":0,"menu_order":0,"comment_status":"closed","ping_status":"closed","template":"","meta":{"site-sidebar-layout":"default","site-content-layout":"","ast-site-content-layout":"default","site-content-style":"default","site-sidebar-style":"default","ast-global-header-display":"","ast-banner-title-visibility":"","ast-main-header-display":"","ast-hfb-above-header-display":"","ast-hfb-below-header-display":"","ast-hfb-mobile-header-display":"","site-post-title":"","ast-breadcrumbs-content":"","ast-featured-img":"","footer-sml-layout":"","ast-disable-related-posts":"","theme-transparent-header-meta":"default","adv-header-id-meta":"","stick-header-meta":"","header-above-stick-meta":"","header-main-stick-meta":"","header-below-stick-meta":"","astra-migrate-meta-layouts":"set","ast-page-background-enabled":"default","ast-page-background-meta":{"desktop":{"background-color":"var(--ast-global-color-5)","background-image":"","background-repeat":"repeat","background-position":"center center","background-size":"auto","background-attachment":"scroll","background-type":"","background-media":"","overlay-type":"","overlay-color":"","overlay-opacity":"","overlay-gradient":""},"tablet":{"background-color":"","background-image":"","background-repeat":"repeat","background-position":"center center","background-size":"auto","background-attachment":"scroll","background-type":"","background-media":"","overlay-type":"","overlay-color":"","overlay-opacity":"","overlay-gradient":""},"mobile":{"background-color":"","background-image":"","background-repeat":"repeat","background-position":"center center","background-size":"auto","background-attachment":"scroll","background-type":"","background-media":"","overlay-type":"","overlay-color":"","overlay-opacity":"","overlay-gradient":""}},"ast-content-background-meta":{"desktop":{"background-color":"var(--ast-global-color-4)","background-image":"","background-repeat":"repeat","background-position":"center center","background-size":"auto","background-attachment":"scroll","background-type":"","background-media":"","overlay-type":"","overlay-color":"","overlay-opacity":"","overlay-gradient":""},"tablet":{"background-color":"var(--ast-global-color-4)","background-image":"","background-repeat":"repeat","background-position":"center center","background-size":"auto","background-attachment":"scroll","background-type":"","background-media":"","overlay-type":"","overlay-color":"","overlay-opacity":"","overlay-gradient":""},"mobile":{"background-color":"var(--ast-global-color-4)","background-image":"","background-repeat":"repeat","background-position":"center center","background-size":"auto","background-attachment":"scroll","background-type":"","background-media":"","overlay-type":"","overlay-color":"","overlay-opacity":"","overlay-gradient":""}},"footnotes":""},"class_list":["post-21","page","type-page","status-publish","hentry"],"aioseo_notices":[],"_links":{"self":[{"href":"https:\/\/vnseal.com.vn\/index.php\/wp-json\/wp\/v2\/pages\/21","targetHints":{"allow":["GET"]}}],"collection":[{"href":"https:\/\/vnseal.com.vn\/index.php\/wp-json\/wp\/v2\/pages"}],"about":[{"href":"https:\/\/vnseal.com.vn\/index.php\/wp-json\/wp\/v2\/types\/page"}],"author":[{"embeddable":true,"href":"https:\/\/vnseal.com.vn\/index.php\/wp-json\/wp\/v2\/users\/1"}],"replies":[{"embeddable":true,"href":"https:\/\/vnseal.com.vn\/index.php\/wp-json\/wp\/v2\/comments?post=21"}],"version-history":[{"count":5,"href":"https:\/\/vnseal.com.vn\/index.php\/wp-json\/wp\/v2\/pages\/21\/revisions"}],"predecessor-version":[{"id":162,"href":"https:\/\/vnseal.com.vn\/index.php\/wp-json\/wp\/v2\/pages\/21\/revisions\/162"}],"wp:attachment":[{"href":"https:\/\/vnseal.com.vn\/index.php\/wp-json\/wp\/v2\/media?parent=21"}],"curies":[{"name":"wp","href":"https:\/\/api.w.org\/{rel}","templated":true}]}}