{"id":9,"date":"2025-12-28T04:32:50","date_gmt":"2025-12-28T04:32:50","guid":{"rendered":"https:\/\/vnseal.com.vn\/?page_id=9"},"modified":"2026-01-07T10:43:33","modified_gmt":"2026-01-07T10:43:33","slug":"trang-chu","status":"publish","type":"page","link":"https:\/\/vnseal.com.vn\/","title":{"rendered":"Trang Ch\u1ee7"},"content":{"rendered":"\n<div class=\"wp-block-group has-ast-global-color-0-background-color has-background is-layout-constrained wp-container-core-group-is-layout-b159ac88 wp-block-group-is-layout-constrained\">\n<p class=\"has-ast-global-color-4-color has-text-color has-link-color has-x-large-font-size wp-elements-bd9015350556c875644409e3b9cff958\">VNSEAL \u2013 Gi\u1ea3i ph\u00e1p ch\u1ed1ng th\u1ea5m x\u1eed l\u00fd t\u1eeb g\u1ed1c<\/p>\n\n\n\n<p class=\"has-ast-global-color-4-color has-text-color has-link-color has-medium-font-size wp-elements-63c99d012ac80e8ce16881a30107fc32\">Gi\u1ea3i ph\u00e1p ch\u1ed1ng th\u1ea5m theo h\u1ec7, \u1ee9ng d\u1ee5ng cho nh\u00e0 \u1edf v\u00e0 c\u00f4ng tr\u00ecnh b\u00ea t\u00f4ng y\u00eau c\u1ea7u \u0111\u1ed9 \u1ed5n \u0111\u1ecbnh l\u00e2u d\u00e0i.<\/p>\n\n\n\n<div class=\"wp-block-buttons is-layout-flex wp-block-buttons-is-layout-flex\">\n<div class=\"wp-block-button has-custom-width wp-block-button__width-100\"><a class=\"wp-block-button__link has-vivid-cyan-blue-color has-white-background-color has-text-color has-background has-link-color has-custom-font-size wp-element-button\" href=\"#tu-van-ky-thuat\" style=\"padding-top:14px;padding-right:14px;padding-bottom:14px;padding-left:14px;font-size:30px\">Nh\u1eadn t\u01b0 v\u1ea5n k\u1ef9 thu\u1eadt<\/a><\/div>\n<\/div>\n<\/div>\n\n\n\n<div class=\"wp-block-group is-layout-constrained wp-container-core-group-is-layout-64b4bb40 wp-block-group-is-layout-constrained\">\n<h2 class=\"wp-block-heading has-text-align-left\">V\u00ec sao ch\u1ecdn VNSEAL<\/h2>\n\n\n\n<div class=\"wp-block-columns is-layout-flex wp-container-core-columns-is-layout-28f84493 wp-block-columns-is-layout-flex\">\n<div class=\"wp-block-column is-layout-flow wp-block-column-is-layout-flow\">\n<h3 class=\"wp-block-heading\">T\u01b0 duy theo h\u1ec7<\/h3>\n\n\n\n<p>Gi\u1ea3i ph\u00e1p \u0111\u01b0\u1ee3c x\u00e2y d\u1ef1ng theo t\u1eebng khu v\u1ef1c v\u00e0 \u0111i\u1ec1u ki\u1ec7n c\u00f4ng tr\u00ecnh, kh\u00f4ng d\u00f9ng v\u1eadt li\u1ec7u r\u1eddi r\u1ea1c.<\/p>\n<\/div>\n\n\n\n<div class=\"wp-block-column is-layout-flow wp-block-column-is-layout-flow\">\n<h3 class=\"wp-block-heading\">X\u1eed l\u00fd t\u1eeb g\u1ed1c<\/h3>\n\n\n\n<p>T\u1eadp trung x\u00e1c \u0111\u1ecbnh \u0111\u00fang \u0111i\u1ec3m th\u1ea5m v\u00e0 \u0111\u01b0\u1eddng n\u01b0\u1edbc tr\u01b0\u1edbc khi l\u1ef1a ch\u1ecdn v\u1eadt li\u1ec7u.<\/p>\n<\/div>\n\n\n\n<div class=\"wp-block-column is-layout-flow wp-block-column-is-layout-flow\">\n<h3 class=\"wp-block-heading\">K\u1ef7 lu\u1eadt k\u1ef9 thu\u1eadt<\/h3>\n\n\n\n<p>\u0110\u00fang v\u1eadt li\u1ec7u \u2013 \u0111\u00fang v\u1ecb tr\u00ed \u2013 \u0111\u00fang quy tr\u00ecnh \u0111\u1ec3 \u0111\u1ea3m b\u1ea3o \u1ed5n \u0111\u1ecbnh l\u00e2u d\u00e0i.<\/p>\n<\/div>\n<\/div>\n<\/div>\n\n\n\n\n\n<div class=\"wp-block-group anchor-form is-layout-constrained wp-container-core-group-is-layout-b5b6a0f9 wp-block-group-is-layout-constrained\" style=\"min-height:40px;padding-top:80px;padding-bottom:80px\">\n<h2 class=\"wp-block-heading\">\u1ee8ng d\u1ee5ng &amp; \u0111\u1ed1i t\u01b0\u1ee3ng s\u1eed d\u1ee5ng<\/h2>\n\n\n\n<p class=\"has-medium-font-size\">Gi\u1ea3i ph\u00e1p VNSEAL \u0111\u01b0\u1ee3c x\u00e2y d\u1ef1ng ph\u00f9 h\u1ee3p v\u1edbi t\u1eebng lo\u1ea1i c\u00f4ng tr\u00ecnh v\u00e0 vai tr\u00f2 tham gia, \u0111\u1ea3m b\u1ea3o \u0111\u00fang y\u00eau c\u1ea7u k\u1ef9 thu\u1eadt v\u00e0 kh\u1ea3 n\u0103ng ki\u1ec3m so\u00e1t l\u00e2u d\u00e0i.<\/p>\n\n\n\n<div class=\"wp-block-columns is-layout-flex wp-container-core-columns-is-layout-28f84493 wp-block-columns-is-layout-flex\">\n<div class=\"wp-block-column is-layout-flow wp-block-column-is-layout-flow\">\n<h3 class=\"wp-block-heading\">Ch\u1ee7 nh\u00e0 \/ Ch\u1ee7 \u0111\u1ea7u t\u01b0<\/h3>\n\n\n\n<p>Ph\u00f9 h\u1ee3p cho c\u00f4ng tr\u00ecnh nh\u00e0 \u1edf, c\u1ea3i t\u1ea1o ho\u1eb7c s\u1eeda ch\u1eefa, c\u1ea7n gi\u1ea3i ph\u00e1p ch\u1ed1ng th\u1ea5m r\u00f5 r\u00e0ng, d\u1ec5 ki\u1ec3m so\u00e1t v\u00e0 \u1ed5n \u0111\u1ecbnh l\u00e2u d\u00e0i.<\/p>\n<\/div>\n\n\n\n<div class=\"wp-block-column is-layout-flow wp-block-column-is-layout-flow\">\n<h3 class=\"wp-block-heading\">Nh\u00e0 th\u1ea7u thi c\u00f4ng<\/h3>\n\n\n\n<p>Gi\u1ea3i ph\u00e1p theo h\u1ec7, d\u1ec5 tri\u1ec3n khai, gi\u1ea3m r\u1ee7i ro k\u1ef9 thu\u1eadt v\u00e0 h\u1ed7 tr\u1ee3 ki\u1ec3m so\u00e1t ch\u1ea5t l\u01b0\u1ee3ng trong qu\u00e1 tr\u00ecnh thi c\u00f4ng.<\/p>\n<\/div>\n\n\n\n<div class=\"wp-block-column is-layout-flow wp-block-column-is-layout-flow\">\n<h3 class=\"wp-block-heading\">K\u1ef9 s\u01b0 \/ \u0110\u01a1n v\u1ecb t\u01b0 v\u1ea5n<\/h3>\n\n\n\n<p>H\u1ec7 v\u1eadt li\u1ec7u v\u00e0 gi\u1ea3i ph\u00e1p ph\u00f9 h\u1ee3p h\u1ed3 s\u01a1 thi\u1ebft k\u1ebf, ti\u00eau chu\u1ea9n k\u1ef9 thu\u1eadt v\u00e0 y\u00eau c\u1ea7u nghi\u1ec7m thu c\u00f4ng tr\u00ecnh.<\/p>\n<\/div>\n\n\n\n<div class=\"wp-block-column is-layout-flow wp-block-column-is-layout-flow\">\n<h3 class=\"wp-block-heading\">\u0110\u1ea1i l\u00fd \/ \u0110\u1ed1i t\u00e1c ph\u00e2n ph\u1ed1i<\/h3>\n\n\n\n<p>Danh m\u1ee5c gi\u1ea3i ph\u00e1p theo h\u1ec7, d\u1ec5 t\u01b0 v\u1ea5n v\u00e0 \u0111\u1ed3ng b\u1ed9 v\u1edbi nhu c\u1ea7u th\u1ef1c t\u1ebf c\u1ee7a kh\u00e1ch h\u00e0ng v\u00e0 d\u1ef1 \u00e1n.<\/p>\n<\/div>\n<\/div>\n\n\n\n<div class=\"wp-block-buttons is-layout-flex wp-block-buttons-is-layout-flex\">\n<div class=\"wp-block-button has-custom-width wp-block-button__width-100\"><a class=\"wp-block-button__link has-vivid-cyan-blue-color has-white-background-color has-text-color has-background has-link-color has-custom-font-size wp-element-button\" style=\"border-width:1px;border-top-left-radius:4px;border-top-right-radius:4px;border-bottom-left-radius:4px;border-bottom-right-radius:4px;padding-top:14px;padding-right:14px;padding-bottom:14px;padding-left:14px;font-size:30px\">Nh\u1eadn t\u01b0 v\u1ea5n k\u1ef9 thu\u1eadt<\/a><\/div>\n<\/div>\n<\/div>\n\n\n\n<div id=\"tu-van-ky-thuat\" class=\"wp-block-group anchor-form is-layout-constrained wp-block-group-is-layout-constrained\"><style id=\"wpforms-css-vars-68-block-2b86622d-d649-48a9-9cd7-14db2deb8680\">\n\t\t\t\t#wpforms-68.wpforms-block-2b86622d-d649-48a9-9cd7-14db2deb8680 {\n\t\t\t\t--wpforms-field-size-input-height: 43px;\n--wpforms-field-size-input-spacing: 15px;\n--wpforms-field-size-font-size: 16px;\n--wpforms-field-size-line-height: 19px;\n--wpforms-field-size-padding-h: 14px;\n--wpforms-field-size-checkbox-size: 16px;\n--wpforms-field-size-sublabel-spacing: 5px;\n--wpforms-field-size-icon-size: 1;\n--wpforms-label-size-font-size: 16px;\n--wpforms-label-size-line-height: 19px;\n--wpforms-label-size-sublabel-font-size: 14px;\n--wpforms-label-size-sublabel-line-height: 17px;\n--wpforms-button-size-font-size: 17px;\n--wpforms-button-size-height: 41px;\n--wpforms-button-size-padding-h: 15px;\n--wpforms-button-size-margin-top: 10px;\n\t\t\t}\n\t\t\t<\/style><div class=\"wpforms-container wpforms-container-full wpforms-block wpforms-block-2b86622d-d649-48a9-9cd7-14db2deb8680 wpforms-render-modern\" id=\"wpforms-68\"><form id=\"wpforms-form-68\" class=\"wpforms-validate wpforms-form wpforms-ajax-form\" data-formid=\"68\" method=\"post\" enctype=\"multipart\/form-data\" action=\"\/index.php\/wp-json\/wp\/v2\/pages\/9\" data-token=\"dceedb0b6d6c358fc4b62a5f31f144f7\" data-token-time=\"1776185761\"><noscript class=\"wpforms-error-noscript\">Vui l\u00f2ng b\u1eadt JavaScript trong tr\u00ecnh duy\u1ec7t c\u1ee7a b\u1ea1n \u0111\u1ec3 ho\u00e0n th\u00e0nh Form n\u00e0y.<\/noscript><div id=\"wpforms-error-noscript\" style=\"display: none;\">Vui l\u00f2ng b\u1eadt JavaScript trong tr\u00ecnh duy\u1ec7t c\u1ee7a b\u1ea1n \u0111\u1ec3 ho\u00e0n th\u00e0nh Form n\u00e0y.<\/div><div class=\"wpforms-field-container\"><div id=\"wpforms-68-field_1-container\" class=\"wpforms-field wpforms-field-name\" data-field-id=\"1\"><label class=\"wpforms-field-label\" for=\"wpforms-68-field_1\">H\u1ecd v\u00e0 T\u00ean <span class=\"wpforms-required-label\" aria-hidden=\"true\">*<\/span><\/label><input type=\"text\" id=\"wpforms-68-field_1\" class=\"wpforms-field-medium wpforms-field-required\" name=\"wpforms[fields][1]\" aria-errormessage=\"wpforms-68-field_1-error\" required><\/div>\t\t<div id=\"wpforms-68-field_6-container\"\n\t\t\tclass=\"wpforms-field wpforms-field-text\"\n\t\t\tdata-field-type=\"text\"\n\t\t\tdata-field-id=\"6\"\n\t\t\t>\n\t\t\t<label class=\"wpforms-field-label\" for=\"wpforms-68-field_6\" >c\u1ea7n H\u1ecd M\u00f4<\/label>\n\t\t\t<input type=\"text\" id=\"wpforms-68-field_6\" class=\"wpforms-field-medium\" name=\"wpforms[fields][6]\" >\n\t\t<\/div>\n\t\t<div id=\"wpforms-68-field_2-container\" class=\"wpforms-field wpforms-field-number\" data-field-id=\"2\"><label class=\"wpforms-field-label\" for=\"wpforms-68-field_2\">S\u1ed1 \u0111i\u1ec7n tho\u1ea1i <span class=\"wpforms-required-label\" aria-hidden=\"true\">*<\/span><\/label><input type=\"number\" id=\"wpforms-68-field_2\" class=\"wpforms-field-medium wpforms-field-required\" name=\"wpforms[fields][2]\" step=\"any\" aria-errormessage=\"wpforms-68-field_2-error\" required><\/div><div id=\"wpforms-68-field_3-container\" class=\"wpforms-field wpforms-field-email\" data-field-id=\"3\"><label class=\"wpforms-field-label\" for=\"wpforms-68-field_3\">Email<\/label><input type=\"email\" id=\"wpforms-68-field_3\" class=\"wpforms-field-medium\" name=\"wpforms[fields][3]\" spellcheck=\"false\" aria-errormessage=\"wpforms-68-field_3-error\" ><\/div><div id=\"wpforms-68-field_4-container\" class=\"wpforms-field wpforms-field-select wpforms-field-select-style-classic\" data-field-id=\"4\"><label class=\"wpforms-field-label\" for=\"wpforms-68-field_4\">Lo\u1ea1i c\u00f4ng tr\u00ecnh<\/label><select id=\"wpforms-68-field_4\" class=\"wpforms-field-medium\" name=\"wpforms[fields][4]\"><option value=\"Nh\u00e0 \u1edf d\u00e2n d\u1ee5ng\"  class=\"choice-1 depth-1\"  >Nh\u00e0 \u1edf d\u00e2n d\u1ee5ng<\/option><option value=\"Nh\u00e0 ph\u1ed1 - Bi\u1ec7t th\u1ef1\"  class=\"choice-2 depth-1\"  >Nh\u00e0 ph\u1ed1 &#8211; Bi\u1ec7t th\u1ef1<\/option><option value=\"C\u00f4ng tr\u00ecnh c\u00f4ng nghi\u1ec7p\"  class=\"choice-3 depth-1\"  >C\u00f4ng tr\u00ecnh c\u00f4ng nghi\u1ec7p<\/option><option value=\"D\u1ef1 \u00e1n kh\u00e1c\"  class=\"choice-4 depth-1\"  >D\u1ef1 \u00e1n kh\u00e1c<\/option><\/select><\/div><div id=\"wpforms-68-field_5-container\" class=\"wpforms-field wpforms-field-checkbox\" data-field-id=\"5\"><fieldset><legend class=\"wpforms-field-label\">V\u1ecb tr\u00ed c\u1ea7n ch\u1ed1ng th\u1ea5m<\/legend><ul id=\"wpforms-68-field_5\" data-choice-limit=\"3\"><li class=\"choice-1 depth-1\"><input type=\"checkbox\" id=\"wpforms-68-field_5_1\" data-rule-check-limit=\"true\" name=\"wpforms[fields][5][]\" value=\"S\u00e0n m\u00e1i - s\u00e2n th\u01b0\u1ee3ng\" aria-errormessage=\"wpforms-68-field_5_1-error\"  ><label class=\"wpforms-field-label-inline\" for=\"wpforms-68-field_5_1\">S\u00e0n m\u00e1i &#8211; s\u00e2n th\u01b0\u1ee3ng<\/label><\/li><li class=\"choice-2 depth-1\"><input type=\"checkbox\" id=\"wpforms-68-field_5_2\" data-rule-check-limit=\"true\" name=\"wpforms[fields][5][]\" value=\"Nh\u00e0 v\u1ec7 sinh - ban c\u00f4ng\" aria-errormessage=\"wpforms-68-field_5_2-error\"  ><label class=\"wpforms-field-label-inline\" for=\"wpforms-68-field_5_2\">Nh\u00e0 v\u1ec7 sinh &#8211; ban c\u00f4ng<\/label><\/li><li class=\"choice-3 depth-1\"><input type=\"checkbox\" id=\"wpforms-68-field_5_3\" data-rule-check-limit=\"true\" name=\"wpforms[fields][5][]\" value=\"T\u1ea7ng h\u1ea7m - m\u00f3ng\" aria-errormessage=\"wpforms-68-field_5_3-error\"  ><label class=\"wpforms-field-label-inline\" for=\"wpforms-68-field_5_3\">T\u1ea7ng h\u1ea7m &#8211; m\u00f3ng<\/label><\/li><\/ul><\/fieldset><\/div><div id=\"wpforms-68-field_7-container\" class=\"wpforms-field wpforms-field-textarea\" data-field-id=\"7\"><label class=\"wpforms-field-label\" for=\"wpforms-68-field_7\">M\u00f4 t\u1ea3 s\u01a1 b\u1ed9 t\u00ecnh tr\u1ea1ng c\u00f4ng tr\u00ecnh (n\u1ebfu c\u00f3)<\/label><textarea id=\"wpforms-68-field_7\" class=\"wpforms-field-medium\" name=\"wpforms[fields][7]\" aria-errormessage=\"wpforms-68-field_7-error\" ><\/textarea><\/div><script>\n\t\t\t\t( function() {\n\t\t\t\t\tconst style = document.createElement( 'style' );\n\t\t\t\t\tstyle.appendChild( document.createTextNode( '#wpforms-68-field_6-container { position: absolute !important; overflow: hidden !important; display: inline !important; height: 1px !important; width: 1px !important; z-index: -1000 !important; padding: 0 !important; } #wpforms-68-field_6-container input { visibility: hidden; } #wpforms-conversational-form-page #wpforms-68-field_6-container label { counter-increment: none; }' ) );\n\t\t\t\t\tdocument.head.appendChild( style );\n\t\t\t\t\tdocument.currentScript?.remove();\n\t\t\t\t} )();\n\t\t\t<\/script><\/div><!-- .wpforms-field-container --><div class=\"wpforms-submit-container\" ><input type=\"hidden\" name=\"wpforms[id]\" value=\"68\"><input type=\"hidden\" name=\"page_title\" value=\"\"><input type=\"hidden\" name=\"page_url\" value=\"https:\/\/vnseal.com.vn\/index.php\/wp-json\/wp\/v2\/pages\/9\"><input type=\"hidden\" name=\"url_referer\" value=\"\"><button type=\"submit\" name=\"wpforms[submit]\" id=\"wpforms-submit-68\" class=\"wpforms-submit\" data-alt-text=\"\u0110ang g\u1eedi y\u00eau c\u1ea7u...\" data-submit-text=\"G\u1eedi y\u00eau c\u1ea7u t\u01b0 v\u1ea5n k\u1ef9 thu\u1eadt\" aria-live=\"assertive\" value=\"wpforms-submit\">G\u1eedi y\u00eau c\u1ea7u t\u01b0 v\u1ea5n k\u1ef9 thu\u1eadt<\/button><img loading=\"lazy\" decoding=\"async\" src=\"https:\/\/vnseal.com.vn\/wp-content\/plugins\/wpforms-lite\/assets\/images\/submit-spin.svg\" class=\"wpforms-submit-spinner\" style=\"display: none;\" width=\"26\" height=\"26\" alt=\"\u0110ang t\u1ea3i\"><\/div><\/form><\/div>  <!-- .wpforms-container --><\/div>\n","protected":false},"excerpt":{"rendered":"<p>VNSEAL \u2013 Gi\u1ea3i ph\u00e1p ch\u1ed1ng th\u1ea5m x\u1eed l\u00fd t\u1eeb g\u1ed1c Gi\u1ea3i ph\u00e1p ch\u1ed1ng th\u1ea5m theo h\u1ec7, \u1ee9ng d\u1ee5ng cho nh\u00e0 [&hellip;]<\/p>\n","protected":false},"author":1,"featured_media":0,"parent":0,"menu_order":0,"comment_status":"closed","ping_status":"closed","template":"","meta":{"site-sidebar-layout":"default","site-content-layout":"","ast-site-content-layout":"default","site-content-style":"default","site-sidebar-style":"default","ast-global-header-display":"","ast-banner-title-visibility":"","ast-main-header-display":"","ast-hfb-above-header-display":"","ast-hfb-below-header-display":"","ast-hfb-mobile-header-display":"","site-post-title":"disabled","ast-breadcrumbs-content":"","ast-featured-img":"","footer-sml-layout":"","ast-disable-related-posts":"","theme-transparent-header-meta":"default","adv-header-id-meta":"","stick-header-meta":"","header-above-stick-meta":"","header-main-stick-meta":"","header-below-stick-meta":"","astra-migrate-meta-layouts":"set","ast-page-background-enabled":"default","ast-page-background-meta":{"desktop":{"background-color":"var(--ast-global-color-5)","background-image":"","background-repeat":"repeat","background-position":"center center","background-size":"auto","background-attachment":"scroll","background-type":"","background-media":"","overlay-type":"","overlay-color":"","overlay-opacity":"","overlay-gradient":""},"tablet":{"background-color":"","background-image":"","background-repeat":"repeat","background-position":"center center","background-size":"auto","background-attachment":"scroll","background-type":"","background-media":"","overlay-type":"","overlay-color":"","overlay-opacity":"","overlay-gradient":""},"mobile":{"background-color":"","background-image":"","background-repeat":"repeat","background-position":"center center","background-size":"auto","background-attachment":"scroll","background-type":"","background-media":"","overlay-type":"","overlay-color":"","overlay-opacity":"","overlay-gradient":""}},"ast-content-background-meta":{"desktop":{"background-color":"var(--ast-global-color-4)","background-image":"","background-repeat":"repeat","background-position":"center center","background-size":"auto","background-attachment":"scroll","background-type":"","background-media":"","overlay-type":"","overlay-color":"","overlay-opacity":"","overlay-gradient":""},"tablet":{"background-color":"var(--ast-global-color-4)","background-image":"","background-repeat":"repeat","background-position":"center center","background-size":"auto","background-attachment":"scroll","background-type":"","background-media":"","overlay-type":"","overlay-color":"","overlay-opacity":"","overlay-gradient":""},"mobile":{"background-color":"var(--ast-global-color-4)","background-image":"","background-repeat":"repeat","background-position":"center center","background-size":"auto","background-attachment":"scroll","background-type":"","background-media":"","overlay-type":"","overlay-color":"","overlay-opacity":"","overlay-gradient":""}},"footnotes":""},"class_list":["post-9","page","type-page","status-publish","hentry"],"aioseo_notices":[],"_links":{"self":[{"href":"https:\/\/vnseal.com.vn\/index.php\/wp-json\/wp\/v2\/pages\/9","targetHints":{"allow":["GET"]}}],"collection":[{"href":"https:\/\/vnseal.com.vn\/index.php\/wp-json\/wp\/v2\/pages"}],"about":[{"href":"https:\/\/vnseal.com.vn\/index.php\/wp-json\/wp\/v2\/types\/page"}],"author":[{"embeddable":true,"href":"https:\/\/vnseal.com.vn\/index.php\/wp-json\/wp\/v2\/users\/1"}],"replies":[{"embeddable":true,"href":"https:\/\/vnseal.com.vn\/index.php\/wp-json\/wp\/v2\/comments?post=9"}],"version-history":[{"count":43,"href":"https:\/\/vnseal.com.vn\/index.php\/wp-json\/wp\/v2\/pages\/9\/revisions"}],"predecessor-version":[{"id":149,"href":"https:\/\/vnseal.com.vn\/index.php\/wp-json\/wp\/v2\/pages\/9\/revisions\/149"}],"wp:attachment":[{"href":"https:\/\/vnseal.com.vn\/index.php\/wp-json\/wp\/v2\/media?parent=9"}],"curies":[{"name":"wp","href":"https:\/\/api.w.org\/{rel}","templated":true}]}}